{"id":5,"date":"2026-03-23T16:55:57","date_gmt":"2026-03-23T15:55:57","guid":{"rendered":"http:\/\/51.75.74.148:8081\/?page_id=5"},"modified":"2026-03-23T17:31:15","modified_gmt":"2026-03-23T16:31:15","slug":"impressum","status":"publish","type":"page","link":"https:\/\/blazedherotv.de\/?page_id=5","title":{"rendered":"Impressum"},"content":{"rendered":"<p><strong>blazedherotv \u2013 Manuel Scheel<\/strong><br \/>\nc\/o Online-Impressum #6173<br \/>\nEuroparing 90<br \/>\n53757 Sankt Augustin<\/p>\n<p>E-Mail: <a href=\"mailto:blazedherotv@gmail.com\">blazedherotv@gmail.com<\/a><br \/>\nZweiter Kontaktweg<\/p>\n<p><strong>Zust\u00e4ndige Regulierungs- und Aufsichtsbeh\u00f6rde:<\/strong><br \/>\nLandesanstalt f\u00fcr Medien Nordrhein-Westfalen<br \/>\nSitz: Deutschland<\/p>\n<p>Kein Umsatzsteuerausweis aufgrund Anwendung der Kleinunternehmerregelung gem\u00e4\u00df \u00a7&nbsp;19 UStG.<\/p>\n<p>Das hier angegebene Impressum gilt f\u00fcr alle Belange der Impressumspflicht nach \u00a7&nbsp;5 DDG, \u00a7&nbsp;55 Abs.&nbsp;2 RStV &amp; MStV&nbsp;\u00a7&nbsp;18 sowie f\u00fcr alle Social Media Auftritte. Erstellte Seiten k\u00f6nnen von verantwortlichen Personen bearbeitet werden; wir garantieren daher keine Vollst\u00e4ndigkeit.<\/p>\n<p>Nicht bereit oder verpflichtet, an Streitbeilegungsverfahren vor einer Verbraucherschlichtungsstelle teilzunehmen.<\/p>\n","protected":false},"excerpt":{"rendered":"<p>blazedherotv \u2013 Manuel Scheel c\/o Online-Impressum #6173 Europaring 90 53757 Sankt Augustin E-Mail: blazedherotv@gmail.com Zweiter Kontaktweg Zust\u00e4ndige Regulierungs- und Aufsichtsbeh\u00f6rde: Landesanstalt f\u00fcr Medien Nordrhein-Westfalen Sitz: Deutschland Kein Umsatzsteuerausweis aufgrund Anwendung der Kleinunternehmerregelung gem\u00e4\u00df \u00a7&nbsp;19 UStG. Das hier angegebene Impressum gilt f\u00fcr alle Belange der Impressumspflicht nach \u00a7&nbsp;5 DDG, \u00a7&nbsp;55 Abs.&nbsp;2 RStV &amp; MStV&nbsp;\u00a7&nbsp;18 sowie f\u00fcr [&hellip;]<\/p>\n","protected":false},"author":0,"featured_media":0,"parent":0,"menu_order":0,"comment_status":"closed","ping_status":"closed","template":"","meta":{"footnotes":""},"class_list":["post-5","page","type-page","status-publish","hentry"],"_links":{"self":[{"href":"https:\/\/blazedherotv.de\/index.php?rest_route=\/wp\/v2\/pages\/5","targetHints":{"allow":["GET"]}}],"collection":[{"href":"https:\/\/blazedherotv.de\/index.php?rest_route=\/wp\/v2\/pages"}],"about":[{"href":"https:\/\/blazedherotv.de\/index.php?rest_route=\/wp\/v2\/types\/page"}],"replies":[{"embeddable":true,"href":"https:\/\/blazedherotv.de\/index.php?rest_route=%2Fwp%2Fv2%2Fcomments&post=5"}],"version-history":[{"count":1,"href":"https:\/\/blazedherotv.de\/index.php?rest_route=\/wp\/v2\/pages\/5\/revisions"}],"predecessor-version":[{"id":7,"href":"https:\/\/blazedherotv.de\/index.php?rest_route=\/wp\/v2\/pages\/5\/revisions\/7"}],"wp:attachment":[{"href":"https:\/\/blazedherotv.de\/index.php?rest_route=%2Fwp%2Fv2%2Fmedia&parent=5"}],"curies":[{"name":"wp","href":"https:\/\/api.w.org\/{rel}","templated":true}]}}